{"id":1014,"date":"2022-10-10T20:36:27","date_gmt":"2022-10-11T01:36:27","guid":{"rendered":"https:\/\/livex.com.ec\/wp\/?page_id=1014"},"modified":"2024-03-06T20:00:35","modified_gmt":"2024-03-07T01:00:35","slug":"inicio","status":"publish","type":"page","link":"https:\/\/livex.com.ec\/wp\/","title":{"rendered":"Inicio"},"content":{"rendered":"<p>[et_pb_section fb_built=\u00bb1&#8243; _builder_version=\u00bb4.16&#8243; background_color=\u00bb#ebdc28&#8243; global_colors_info=\u00bb{}\u00bb][et_pb_row _builder_version=\u00bb4.17.6&#8243; width=\u00bb100%\u00bb max_width=\u00bb2560px\u00bb module_alignment=\u00bbcenter\u00bb custom_padding=\u00bb0px||0px|||\u00bb use_custom_width=\u00bbon\u00bb custom_width_px=\u00bb1024px\u00bb global_colors_info=\u00bb{}\u00bb][et_pb_column type=\u00bb4_4&#8243; _builder_version=\u00bb4.16&#8243; custom_padding=\u00bb|||\u00bb global_colors_info=\u00bb{}\u00bb custom_padding__hover=\u00bb|||\u00bb][et_pb_post_slider posts_number=\u00bb5&#8243; include_categories=\u00bb2&#8243; show_pagination=\u00bboff\u00bb show_meta=\u00bboff\u00bb use_bg_overlay=\u00bboff\u00bb use_text_overlay=\u00bbon\u00bb arrows_custom_color=\u00bb#ffffff\u00bb _builder_version=\u00bb4.17.6&#8243; header_font=\u00bb|700|||||||\u00bb header_text_color=\u00bb#ffffff\u00bb background_color=\u00bb#2ea3f2&#8243; custom_button=\u00bbon\u00bb button_text_color=\u00bb#000000&#8243; custom_padding=\u00bb3%||3%||true|false\u00bb animation_style=\u00bbzoom\u00bb auto=\u00bbon\u00bb box_shadow_style=\u00bbpreset6&#8243; box_shadow_blur=\u00bb10px\u00bb box_shadow_color=\u00bbrgba(0,0,0,0.1)\u00bb show_inner_shadow=\u00bbon\u00bb saved_tabs=\u00bball\u00bb global_colors_info=\u00bb{}\u00bb button_text_size__hover_enabled=\u00bboff\u00bb button_one_text_size__hover_enabled=\u00bboff\u00bb button_two_text_size__hover_enabled=\u00bboff\u00bb button_text_color__hover_enabled=\u00bboff\u00bb button_one_text_color__hover_enabled=\u00bboff\u00bb button_two_text_color__hover_enabled=\u00bboff\u00bb button_border_width__hover_enabled=\u00bboff\u00bb button_one_border_width__hover_enabled=\u00bboff\u00bb button_two_border_width__hover_enabled=\u00bboff\u00bb button_border_color__hover_enabled=\u00bboff\u00bb button_one_border_color__hover_enabled=\u00bboff\u00bb button_two_border_color__hover_enabled=\u00bboff\u00bb button_border_radius__hover_enabled=\u00bboff\u00bb button_one_border_radius__hover_enabled=\u00bboff\u00bb button_two_border_radius__hover_enabled=\u00bboff\u00bb button_letter_spacing__hover_enabled=\u00bboff\u00bb button_one_letter_spacing__hover_enabled=\u00bboff\u00bb button_two_letter_spacing__hover_enabled=\u00bboff\u00bb button_bg_color__hover_enabled=\u00bboff\u00bb button_one_bg_color__hover_enabled=\u00bboff\u00bb button_two_bg_color__hover_enabled=\u00bboff\u00bb]&nbsp;[\/et_pb_post_slider][\/et_pb_column][\/et_pb_row][\/et_pb_section][et_pb_section fb_built=\u00bb1&#8243; _builder_version=\u00bb4.16&#8243; background_color=\u00bb#263a7e\u00bb global_colors_info=\u00bb{}\u00bb][et_pb_row module_class=\u00bb et_pb_row_fullwidth\u00bb _builder_version=\u00bb4.16&#8243; width=\u00bb100%\u00bb width_tablet=\u00bb100%\u00bb width_phone=\u00bb100%\u00bb width_last_edited=\u00bbon|desktop\u00bb max_width=\u00bb100%\u00bb max_width_tablet=\u00bb100%\u00bb max_width_phone=\u00bb100%\u00bb max_width_last_edited=\u00bbon|desktop\u00bb module_alignment=\u00bbcenter\u00bb custom_padding=\u00bb20px||20px|\u00bb make_fullwidth=\u00bbon\u00bb global_colors_info=\u00bb{}\u00bb][et_pb_column type=\u00bb4_4&#8243; _builder_version=\u00bb4.16&#8243; custom_padding=\u00bb|||\u00bb global_colors_info=\u00bb{}\u00bb custom_padding__hover=\u00bb|||\u00bb][et_pb_text _builder_version=\u00bb4.16&#8243; text_text_color=\u00bb#ffffff\u00bb text_orientation=\u00bbcenter\u00bb background_layout=\u00bbdark\u00bb module_alignment=\u00bbcenter\u00bb global_colors_info=\u00bb{}\u00bb]<\/p>\n<h1 style=\"text-align: center;\">Laboratorio de Diagn\u00f3stico LivexLab<\/h1>\n<p>[\/et_pb_text][\/et_pb_column][\/et_pb_row][\/et_pb_section][et_pb_section fb_built=\u00bb1&#8243; _builder_version=\u00bb4.16&#8243; global_colors_info=\u00bb{}\u00bb][et_pb_row column_structure=\u00bb1_2,1_2&#8243; module_class=\u00bb et_pb_row_fullwidth\u00bb _builder_version=\u00bb4.16&#8243; width=\u00bb100%\u00bb width_tablet=\u00bb100%\u00bb width_phone=\u00bb100%\u00bb width_last_edited=\u00bbon|desktop\u00bb max_width=\u00bb100%\u00bb max_width_tablet=\u00bb100%\u00bb max_width_phone=\u00bb100%\u00bb max_width_last_edited=\u00bbon|desktop\u00bb make_fullwidth=\u00bbon\u00bb global_colors_info=\u00bb{}\u00bb][et_pb_column type=\u00bb1_2&#8243; _builder_version=\u00bb4.16&#8243; background_image=\u00bbhttps:\/\/livex.com.ec\/wp\/wp-content\/uploads\/2017\/10\/bt-servicios-1.jpg\u00bb custom_padding=\u00bb|||\u00bb global_colors_info=\u00bb{}\u00bb custom_padding__hover=\u00bb|||\u00bb][et_pb_image src=\u00bbhttps:\/\/livex.com.ec\/wp\/wp-content\/uploads\/2017\/12\/bt-servicios.jpg\u00bb url=\u00bbhttps:\/\/livex.com.ec\/wp\/servicios\/\u00bb align_tablet=\u00bbcenter\u00bb align_phone=\u00bbcenter\u00bb align_last_edited=\u00bbon|desktop\u00bb _builder_version=\u00bb4.18.0&#8243; global_colors_info=\u00bb{}\u00bb]&nbsp;[\/et_pb_image][\/et_pb_column][et_pb_column type=\u00bb1_2&#8243; _builder_version=\u00bb4.16&#8243; background_image=\u00bbhttps:\/\/livex.com.ec\/wp\/wp-content\/uploads\/2017\/10\/bt-productos-1.jpg\u00bb custom_padding=\u00bb|||\u00bb global_colors_info=\u00bb{}\u00bb custom_padding__hover=\u00bb|||\u00bb][et_pb_image src=\u00bbhttps:\/\/livex.com.ec\/wp\/wp-content\/uploads\/2017\/10\/bt-productos.jpg\u00bb url=\u00bbhttps:\/\/livex.com.ec\/wp\/productos\/\u00bb align_tablet=\u00bbcenter\u00bb align_phone=\u00bbcenter\u00bb align_last_edited=\u00bbon|desktop\u00bb _builder_version=\u00bb4.16&#8243; global_colors_info=\u00bb{}\u00bb]&nbsp;[\/et_pb_image][\/et_pb_column][\/et_pb_row][\/et_pb_section][et_pb_section fb_built=\u00bb1&#8243; _builder_version=\u00bb4.16&#8243; background_image=\u00bbhttps:\/\/livex.com.ec\/wp\/wp-content\/uploads\/2017\/10\/bg-1.jpg\u00bb parallax=\u00bbon\u00bb global_colors_info=\u00bb{}\u00bb][et_pb_row _builder_version=\u00bb4.16&#8243; max_width=\u00bb800px\u00bb custom_padding=\u00bb200px||200px|\u00bb use_custom_width=\u00bbon\u00bb custom_width_px=\u00bb800px\u00bb global_colors_info=\u00bb{}\u00bb][et_pb_column type=\u00bb4_4&#8243; _builder_version=\u00bb4.16&#8243; custom_padding=\u00bb|||\u00bb global_colors_info=\u00bb{}\u00bb custom_padding__hover=\u00bb|||\u00bb][et_pb_text _builder_version=\u00bb4.16&#8243; text_text_color=\u00bb#ffffff\u00bb text_line_height=\u00bb3em\u00bb header_line_height=\u00bb1.4em\u00bb background_layout=\u00bbdark\u00bb animation_style=\u00bbslide\u00bb global_colors_info=\u00bb{}\u00bb]<\/p>\n<h1 style=\"text-align: center;\">LIVEXLAB PERTENECE A LA RED DE LABORATORIOS DE AGROCALIDAD Y ESTA AUTORIZADO PARA LA CERTIFICACION DE PREDIOS LIBRES DE BRUCELOSIS Y TUBERCULOSIS BOVINA<\/h1>\n<p>[\/et_pb_text][\/et_pb_column][\/et_pb_row][\/et_pb_section][et_pb_section fb_built=\u00bb1&#8243; _builder_version=\u00bb4.16&#8243; global_colors_info=\u00bb{}\u00bb][et_pb_row column_structure=\u00bb1_2,1_2&#8243; _builder_version=\u00bb4.16&#8243; custom_padding=\u00bb30px||30px|\u00bb use_custom_width=\u00bbon\u00bb global_colors_info=\u00bb{}\u00bb][et_pb_column type=\u00bb1_2&#8243; _builder_version=\u00bb4.16&#8243; custom_padding=\u00bb|50px||50px\u00bb custom_padding_tablet=\u00bb|50px||50px\u00bb custom_padding_phone=\u00bb|50px||50px\u00bb custom_padding_last_edited=\u00bbon|tablet\u00bb global_colors_info=\u00bb{}\u00bb custom_padding__hover=\u00bb|||\u00bb][et_pb_text _builder_version=\u00bb4.17.6&#8243; text_text_color=\u00bb#414042&#8243; text_font_size=\u00bb16px\u00bb header_text_color=\u00bb#263a7e\u00bb custom_padding=\u00bb50px|||\u00bb custom_padding_tablet=\u00bb10px|||\u00bb custom_padding_phone=\u00bb|||\u00bb custom_padding_last_edited=\u00bbon|phone\u00bb animation_style=\u00bbfade\u00bb text_font_size_tablet=\u00bb\u00bb text_font_size_phone=\u00bb\u00bb text_font_size_last_edited=\u00bbon|desktop\u00bb global_colors_info=\u00bb{}\u00bb]<\/p>\n<ul>\n<li><strong><span style=\"color: #ebdc28;\">Direcci\u00f3n:<\/span><\/strong><br \/>Carlos Alvarado N50-09 y De Los \u00c1lamos (Sector El Inca)<\/li>\n<li><strong><span style=\"color: #ebdc28;\">Tel\u00e9fonos:<\/span><\/strong><br \/>(02)2-411-637 \/ (02)2-412-494\/ 098-046-3570<\/li>\n<li><strong><span style=\"color: #ebdc28;\">E-Mail:<\/span><\/strong><br \/>info@livex.com.ec<\/li>\n<\/ul>\n<p>[\/et_pb_text][\/et_pb_column][et_pb_column type=\u00bb1_2&#8243; _builder_version=\u00bb4.16&#8243; custom_padding=\u00bb|50px||50px\u00bb custom_padding_tablet=\u00bb|10px||10px\u00bb custom_padding_phone=\u00bb|10px||10px\u00bb custom_padding_last_edited=\u00bbon|phone\u00bb global_colors_info=\u00bb{}\u00bb custom_padding__hover=\u00bb|||\u00bb][et_pb_code _builder_version=\u00bb4.16&#8243; global_colors_info=\u00bb{}\u00bb]<iframe loading=\"lazy\" src=\"https:\/\/www.google.com\/maps\/d\/embed?mid=12zeVVh-8c8BG1UcLsv6iRKelGQ0&#038;hl=es\" width=\"100%\" height=\"280\"><\/iframe>[\/et_pb_code][\/et_pb_column][\/et_pb_row][\/et_pb_section]<\/p>\n","protected":false},"excerpt":{"rendered":"<p>&nbsp;Laboratorio de Diagn\u00f3stico LivexLab&nbsp;&nbsp;LIVEXLAB PERTENECE A LA RED DE LABORATORIOS DE AGROCALIDAD Y ESTA AUTORIZADO PARA LA CERTIFICACION DE PREDIOS LIBRES DE BRUCELOSIS Y TUBERCULOSIS BOVINA Direcci\u00f3n:Carlos Alvarado N50-09 y De Los \u00c1lamos (Sector El Inca) Tel\u00e9fonos:(02)2-411-637 \/ (02)2-412-494\/ 098-046-3570 E-Mail:info@livex.com.ec<\/p>\n","protected":false},"author":2,"featured_media":0,"parent":559,"menu_order":0,"comment_status":"closed","ping_status":"closed","template":"","meta":{"_et_pb_use_builder":"on","_et_pb_old_content":"","_et_gb_content_width":"","footnotes":""},"class_list":["post-1014","page","type-page","status-publish","hentry"],"yoast_head":"<!-- This site is optimized with the Yoast SEO plugin v26.9 - https:\/\/yoast.com\/product\/yoast-seo-wordpress\/ -->\n<title>Inicio - Livexlab<\/title>\n<meta name=\"robots\" content=\"index, follow, max-snippet:-1, max-image-preview:large, max-video-preview:-1\" \/>\n<link rel=\"canonical\" href=\"https:\/\/livex.com.ec\/wp\/\" \/>\n<meta property=\"og:locale\" content=\"es_ES\" \/>\n<meta property=\"og:type\" content=\"article\" \/>\n<meta property=\"og:title\" content=\"Inicio - Livexlab\" \/>\n<meta property=\"og:description\" content=\"&nbsp;Laboratorio de Diagn\u00f3stico LivexLab&nbsp;&nbsp;LIVEXLAB PERTENECE A LA RED DE LABORATORIOS DE AGROCALIDAD Y ESTA AUTORIZADO PARA LA CERTIFICACION DE PREDIOS LIBRES DE BRUCELOSIS Y TUBERCULOSIS BOVINA Direcci\u00f3n:Carlos Alvarado N50-09 y De Los \u00c1lamos (Sector El Inca) Tel\u00e9fonos:(02)2-411-637 \/ (02)2-412-494\/ 098-046-3570 E-Mail:info@livex.com.ec\" \/>\n<meta property=\"og:url\" content=\"https:\/\/livex.com.ec\/wp\/\" \/>\n<meta property=\"og:site_name\" content=\"Livexlab\" \/>\n<meta property=\"article:modified_time\" content=\"2024-03-07T01:00:35+00:00\" \/>\n<meta name=\"twitter:card\" content=\"summary_large_image\" \/>\n<meta name=\"twitter:label1\" content=\"Tiempo de lectura\" \/>\n\t<meta name=\"twitter:data1\" content=\"3 minutos\" \/>\n<script type=\"application\/ld+json\" class=\"yoast-schema-graph\">{\"@context\":\"https:\/\/schema.org\",\"@graph\":[{\"@type\":\"WebPage\",\"@id\":\"https:\/\/livex.com.ec\/wp\/\",\"url\":\"https:\/\/livex.com.ec\/wp\/\",\"name\":\"Inicio - Livexlab\",\"isPartOf\":{\"@id\":\"https:\/\/livex.com.ec\/wp\/#website\"},\"datePublished\":\"2022-10-11T01:36:27+00:00\",\"dateModified\":\"2024-03-07T01:00:35+00:00\",\"breadcrumb\":{\"@id\":\"https:\/\/livex.com.ec\/wp\/#breadcrumb\"},\"inLanguage\":\"es\",\"potentialAction\":[{\"@type\":\"ReadAction\",\"target\":[\"https:\/\/livex.com.ec\/wp\/\"]}]},{\"@type\":\"BreadcrumbList\",\"@id\":\"https:\/\/livex.com.ec\/wp\/#breadcrumb\",\"itemListElement\":[{\"@type\":\"ListItem\",\"position\":1,\"name\":\"Servicios\",\"item\":\"https:\/\/livex.com.ec\/wp\/servicios\/\"},{\"@type\":\"ListItem\",\"position\":2,\"name\":\"Diagnostico Veterinario\",\"item\":\"https:\/\/livex.com.ec\/wp\/servicios\/diagnostico-veterinario\/\"},{\"@type\":\"ListItem\",\"position\":3,\"name\":\"Ex\u00e1menes Peque\u00f1as Especies\",\"item\":\"https:\/\/livex.com.ec\/wp\/servicios\/diagnostico-veterinario\/examenes-pequenas-especies\/\"},{\"@type\":\"ListItem\",\"position\":4,\"name\":\"Inicio\"}]},{\"@type\":\"WebSite\",\"@id\":\"https:\/\/livex.com.ec\/wp\/#website\",\"url\":\"https:\/\/livex.com.ec\/wp\/\",\"name\":\"Livexlab\",\"description\":\"Laboratorio de Diagn\u00f3stico Veterinario\",\"potentialAction\":[{\"@type\":\"SearchAction\",\"target\":{\"@type\":\"EntryPoint\",\"urlTemplate\":\"https:\/\/livex.com.ec\/wp\/?s={search_term_string}\"},\"query-input\":{\"@type\":\"PropertyValueSpecification\",\"valueRequired\":true,\"valueName\":\"search_term_string\"}}],\"inLanguage\":\"es\"}]}<\/script>\n<!-- \/ Yoast SEO plugin. -->","yoast_head_json":{"title":"Inicio - Livexlab","robots":{"index":"index","follow":"follow","max-snippet":"max-snippet:-1","max-image-preview":"max-image-preview:large","max-video-preview":"max-video-preview:-1"},"canonical":"https:\/\/livex.com.ec\/wp\/","og_locale":"es_ES","og_type":"article","og_title":"Inicio - Livexlab","og_description":"&nbsp;Laboratorio de Diagn\u00f3stico LivexLab&nbsp;&nbsp;LIVEXLAB PERTENECE A LA RED DE LABORATORIOS DE AGROCALIDAD Y ESTA AUTORIZADO PARA LA CERTIFICACION DE PREDIOS LIBRES DE BRUCELOSIS Y TUBERCULOSIS BOVINA Direcci\u00f3n:Carlos Alvarado N50-09 y De Los \u00c1lamos (Sector El Inca) Tel\u00e9fonos:(02)2-411-637 \/ (02)2-412-494\/ 098-046-3570 E-Mail:info@livex.com.ec","og_url":"https:\/\/livex.com.ec\/wp\/","og_site_name":"Livexlab","article_modified_time":"2024-03-07T01:00:35+00:00","twitter_card":"summary_large_image","twitter_misc":{"Tiempo de lectura":"3 minutos"},"schema":{"@context":"https:\/\/schema.org","@graph":[{"@type":"WebPage","@id":"https:\/\/livex.com.ec\/wp\/","url":"https:\/\/livex.com.ec\/wp\/","name":"Inicio - Livexlab","isPartOf":{"@id":"https:\/\/livex.com.ec\/wp\/#website"},"datePublished":"2022-10-11T01:36:27+00:00","dateModified":"2024-03-07T01:00:35+00:00","breadcrumb":{"@id":"https:\/\/livex.com.ec\/wp\/#breadcrumb"},"inLanguage":"es","potentialAction":[{"@type":"ReadAction","target":["https:\/\/livex.com.ec\/wp\/"]}]},{"@type":"BreadcrumbList","@id":"https:\/\/livex.com.ec\/wp\/#breadcrumb","itemListElement":[{"@type":"ListItem","position":1,"name":"Servicios","item":"https:\/\/livex.com.ec\/wp\/servicios\/"},{"@type":"ListItem","position":2,"name":"Diagnostico Veterinario","item":"https:\/\/livex.com.ec\/wp\/servicios\/diagnostico-veterinario\/"},{"@type":"ListItem","position":3,"name":"Ex\u00e1menes Peque\u00f1as Especies","item":"https:\/\/livex.com.ec\/wp\/servicios\/diagnostico-veterinario\/examenes-pequenas-especies\/"},{"@type":"ListItem","position":4,"name":"Inicio"}]},{"@type":"WebSite","@id":"https:\/\/livex.com.ec\/wp\/#website","url":"https:\/\/livex.com.ec\/wp\/","name":"Livexlab","description":"Laboratorio de Diagn\u00f3stico Veterinario","potentialAction":[{"@type":"SearchAction","target":{"@type":"EntryPoint","urlTemplate":"https:\/\/livex.com.ec\/wp\/?s={search_term_string}"},"query-input":{"@type":"PropertyValueSpecification","valueRequired":true,"valueName":"search_term_string"}}],"inLanguage":"es"}]}},"_links":{"self":[{"href":"https:\/\/livex.com.ec\/wp\/wp-json\/wp\/v2\/pages\/1014","targetHints":{"allow":["GET"]}}],"collection":[{"href":"https:\/\/livex.com.ec\/wp\/wp-json\/wp\/v2\/pages"}],"about":[{"href":"https:\/\/livex.com.ec\/wp\/wp-json\/wp\/v2\/types\/page"}],"author":[{"embeddable":true,"href":"https:\/\/livex.com.ec\/wp\/wp-json\/wp\/v2\/users\/2"}],"replies":[{"embeddable":true,"href":"https:\/\/livex.com.ec\/wp\/wp-json\/wp\/v2\/comments?post=1014"}],"version-history":[{"count":1,"href":"https:\/\/livex.com.ec\/wp\/wp-json\/wp\/v2\/pages\/1014\/revisions"}],"predecessor-version":[{"id":1236,"href":"https:\/\/livex.com.ec\/wp\/wp-json\/wp\/v2\/pages\/1014\/revisions\/1236"}],"up":[{"embeddable":true,"href":"https:\/\/livex.com.ec\/wp\/wp-json\/wp\/v2\/pages\/559"}],"wp:attachment":[{"href":"https:\/\/livex.com.ec\/wp\/wp-json\/wp\/v2\/media?parent=1014"}],"curies":[{"name":"wp","href":"https:\/\/api.w.org\/{rel}","templated":true}]}}