{"id":532,"date":"2017-12-08T00:12:01","date_gmt":"2017-12-08T00:12:01","guid":{"rendered":"http:\/\/livex.com.ec\/wp\/?page_id=532"},"modified":"2024-03-05T23:46:02","modified_gmt":"2024-03-06T04:46:02","slug":"examenes-porcinos","status":"publish","type":"page","link":"https:\/\/livex.com.ec\/wp\/servicios\/diagnostico-veterinario\/examenes-porcinos\/","title":{"rendered":"Ex\u00e1menes Porcinos"},"content":{"rendered":"<p>[et_pb_section fb_built=\u00bb1&#8243; _builder_version=\u00bb4.16&#8243; global_colors_info=\u00bb{}\u00bb][et_pb_row module_class=\u00bb et_pb_row_fullwidth\u00bb _builder_version=\u00bb4.16&#8243; width=\u00bb100%\u00bb width_tablet=\u00bb100%\u00bb width_phone=\u00bb100%\u00bb width_last_edited=\u00bbon|desktop\u00bb max_width=\u00bb100%\u00bb max_width_tablet=\u00bb100%\u00bb max_width_phone=\u00bb100%\u00bb max_width_last_edited=\u00bbon|desktop\u00bb make_fullwidth=\u00bbon\u00bb global_colors_info=\u00bb{}\u00bb][et_pb_column type=\u00bb4_4&#8243; _builder_version=\u00bb4.16&#8243; custom_padding=\u00bb|||\u00bb global_colors_info=\u00bb{}\u00bb custom_padding__hover=\u00bb|||\u00bb][et_pb_image src=\u00bbhttps:\/\/livex.com.ec\/wp\/wp-content\/uploads\/2017\/12\/banner-porcinos.jpg\u00bb align_tablet=\u00bbcenter\u00bb align_phone=\u00bbcenter\u00bb align_last_edited=\u00bbon|desktop\u00bb _builder_version=\u00bb4.16&#8243; animation_style=\u00bbzoom\u00bb always_center_on_mobile=\u00bbon\u00bb global_colors_info=\u00bb{}\u00bb][\/et_pb_image][\/et_pb_column][\/et_pb_row][\/et_pb_section][et_pb_section fb_built=\u00bb1&#8243; _builder_version=\u00bb4.16&#8243; global_colors_info=\u00bb{}\u00bb][et_pb_row module_class=\u00bb et_pb_row_fullwidth\u00bb _builder_version=\u00bb4.16&#8243; background_color=\u00bb#ebdc28&#8243; width=\u00bb100%\u00bb width_tablet=\u00bb100%\u00bb width_phone=\u00bb100%\u00bb width_last_edited=\u00bbon|desktop\u00bb max_width=\u00bb100%\u00bb max_width_tablet=\u00bb100%\u00bb max_width_phone=\u00bb100%\u00bb max_width_last_edited=\u00bbon|desktop\u00bb module_alignment=\u00bbcenter\u00bb custom_padding=\u00bb20px||10px|\u00bb make_fullwidth=\u00bbon\u00bb global_colors_info=\u00bb{}\u00bb][et_pb_column type=\u00bb4_4&#8243; _builder_version=\u00bb4.16&#8243; custom_padding=\u00bb|||\u00bb global_colors_info=\u00bb{}\u00bb custom_padding__hover=\u00bb|||\u00bb][et_pb_text _builder_version=\u00bb4.16&#8243; global_colors_info=\u00bb{}\u00bb]<\/p>\n<h1 style=\"text-align: center;\"><strong>LISTA DE EXAMENES PORCINOS<\/strong><\/h1>\n<p>[\/et_pb_text][\/et_pb_column][\/et_pb_row][\/et_pb_section][et_pb_section fb_built=\u00bb1&#8243; _builder_version=\u00bb4.16&#8243; global_colors_info=\u00bb{}\u00bb][et_pb_row custom_padding_last_edited=\u00bbon|phone\u00bb _builder_version=\u00bb4.16&#8243; custom_padding=\u00bb20px||20px|\u00bb custom_padding_tablet=\u00bb10px||10px|\u00bb custom_padding_phone=\u00bb5px||5px|\u00bb use_custom_width=\u00bbon\u00bb global_colors_info=\u00bb{}\u00bb][et_pb_column type=\u00bb4_4&#8243; _builder_version=\u00bb4.16&#8243; custom_padding=\u00bb|||\u00bb global_colors_info=\u00bb{}\u00bb custom_padding__hover=\u00bb|||\u00bb][et_pb_toggle title=\u00bbMOLECULAR\u00bb _builder_version=\u00bb4.16&#8243; title_level=\u00bbh2&#8243; title_text_align=\u00bbcenter\u00bb text_orientation=\u00bbcenter\u00bb custom_margin=\u00bb||20px|\u00bb global_colors_info=\u00bb{}\u00bb]\n<table id=\"tablepress-13\" class=\"tablepress tablepress-id-13\">\n<thead>\n<tr class=\"row-1\">\n\t<th class=\"column-1\">ENFERMEDAD<\/th><th class=\"column-2\">MUESTRA<\/th>\n<\/tr>\n<\/thead>\n<tbody class=\"row-striping row-hover\">\n<tr class=\"row-2\">\n\t<td class=\"column-1\">Influenza<\/td><td class=\"column-2\">Fluidos orales, hisopado nasal<\/td>\n<\/tr>\n<tr class=\"row-3\">\n\t<td class=\"column-1\">PRRS<\/td><td class=\"column-2\">Fluidos orales, sangre<\/td>\n<\/tr>\n<tr class=\"row-4\">\n\t<td class=\"column-1\">Mycoplasma hyopneumoniae<\/td><td class=\"column-2\">Pulm\u00f3n, hisopado nasal, lavado bronquio alveolar, fluidos orales<\/td>\n<\/tr>\n<tr class=\"row-5\">\n\t<td class=\"column-1\">Lawsonia<\/td><td class=\"column-2\">Hisopado rectal o heces, fluidos orales<\/td>\n<\/tr>\n<tr class=\"row-6\">\n\t<td class=\"column-1\">Circovirus<\/td><td class=\"column-2\">Fluidos orales, sangre<\/td>\n<\/tr>\n<\/tbody>\n<\/table>\n<br \/>\n[\/et_pb_toggle][et_pb_toggle title=\u00bbSEROLOG\u00cdA PARA PORCINOS\u00bb _builder_version=\u00bb4.16&#8243; title_level=\u00bbh2&#8243; title_text_align=\u00bbcenter\u00bb text_orientation=\u00bbcenter\u00bb custom_margin=\u00bb||20px|\u00bb global_colors_info=\u00bb{}\u00bb]\n<table id=\"tablepress-11\" class=\"tablepress tablepress-id-11\">\n<thead>\n<tr class=\"row-1\">\n\t<th class=\"column-1\">ENSAYO<\/th><th class=\"column-2\">MUESTRA<\/th>\n<\/tr>\n<\/thead>\n<tbody class=\"row-striping row-hover\">\n<tr class=\"row-2\">\n\t<td class=\"column-1\">Serolog\u00eda para  Mycoplasma hyopneumoniae  ELISA<\/td><td class=\"column-2\">Suero<\/td>\n<\/tr>\n<tr class=\"row-3\">\n\t<td class=\"column-1\">Serolog\u00eda para APP ELISA<\/td><td class=\"column-2\">Suero<\/td>\n<\/tr>\n<tr class=\"row-4\">\n\t<td class=\"column-1\">Serolog\u00eda para Ileitis ELISA<\/td><td class=\"column-2\">Suero<\/td>\n<\/tr>\n<tr class=\"row-5\">\n\t<td class=\"column-1\">Serolog\u00eda para Sindrome Respiratorio Reproductivo (PRRS) ELISA<\/td><td class=\"column-2\">Suero<\/td>\n<\/tr>\n<tr class=\"row-6\">\n\t<td class=\"column-1\">Serolog\u00eda para Influenza porcina ELISA<\/td><td class=\"column-2\">Suero<\/td>\n<\/tr>\n<tr class=\"row-7\">\n\t<td class=\"column-1\">Serolog\u00eda para Aujesky ELISA<\/td><td class=\"column-2\">Suero<\/td>\n<\/tr>\n<tr class=\"row-8\">\n\t<td class=\"column-1\">Brucelosis (  Brucella suis   Rosa de bengala)<\/td><td class=\"column-2\">Suero<\/td>\n<\/tr>\n<tr class=\"row-9\">\n\t<td class=\"column-1\">Serolog\u00eda para Leptospira ( Microaglutinaci\u00f3n)<\/td><td class=\"column-2\">Suero<\/td>\n<\/tr>\n<tr class=\"row-10\">\n\t<td class=\"column-1\">Brucelosis prueba confirmatoria (  Brucella suis   Elisa competitivo)<\/td><td class=\"column-2\">Suero<\/td>\n<\/tr>\n<tr class=\"row-11\">\n\t<td class=\"column-1\">Serolog\u00eda para  Circovirus Tipo 2  IgG \u2013 IgM ELISA <\/td><td class=\"column-2\">Suero<\/td>\n<\/tr>\n<tr class=\"row-12\">\n\t<td class=\"column-1\">Serolog\u00eda para  Haemophilus suis  ELISA<\/td><td class=\"column-2\">Suero<\/td>\n<\/tr>\n<tr class=\"row-13\">\n\t<td class=\"column-1\">Serolog\u00eda para  Salmonella   ELISA<\/td><td class=\"column-2\">Suero<\/td>\n<\/tr>\n<tr class=\"row-14\">\n\t<td class=\"column-1\">Circovirus tipo II \u2013 IFI<\/td><td class=\"column-2\">Suero<\/td>\n<\/tr>\n<tr class=\"row-15\">\n\t<td class=\"column-1\">PED (Diarrea epid\u00e9mica porcina)-IFI<\/td><td class=\"column-2\">Suero<\/td>\n<\/tr>\n<\/tbody>\n<\/table>\n<\/p>\n<p><strong>IFI<\/strong>: T\u00e9cnica por inmunofluorescencia para ver t\u00edtulos de Anticuerpos a la respectiva enfermedad.<br \/>\n[\/et_pb_toggle][et_pb_toggle title=\u00bbPARASITOLOG\u00cdA\u00bb _builder_version=\u00bb4.16&#8243; title_level=\u00bbh2&#8243; title_text_align=\u00bbcenter\u00bb text_orientation=\u00bbcenter\u00bb custom_margin=\u00bb||20px|\u00bb global_colors_info=\u00bb{}\u00bb]\n<table id=\"tablepress-12\" class=\"tablepress tablepress-id-12\">\n<thead>\n<tr class=\"row-1\">\n\t<th class=\"column-1\">ENSAYO<\/th><th class=\"column-2\">MUESTRA<\/th>\n<\/tr>\n<\/thead>\n<tbody class=\"row-striping row-hover\">\n<tr class=\"row-2\">\n\t<td class=\"column-1\">Par\u00e1sitos gastrointestinales (Mc Master)<\/td><td class=\"column-2\">Heces<\/td>\n<\/tr>\n<tr class=\"row-3\">\n\t<td class=\"column-1\">Par\u00e1sitos hep\u00e1ticos (Sedimentaci\u00f3n)<\/td><td class=\"column-2\">Heces<\/td>\n<\/tr>\n<\/tbody>\n<\/table>\n<br \/>\n[\/et_pb_toggle][\/et_pb_column][\/et_pb_row][et_pb_row _builder_version=\u00bb4.16&#8243; custom_margin=\u00bb||20px|\u00bb global_colors_info=\u00bb{}\u00bb][et_pb_column type=\u00bb4_4&#8243; _builder_version=\u00bb4.16&#8243; custom_padding=\u00bb|||\u00bb global_colors_info=\u00bb{}\u00bb custom_padding__hover=\u00bb|||\u00bb][et_pb_button button_url=\u00bbhttps:\/\/livex.com.ec\/wp\/wp-content\/uploads\/2017\/12\/solicitud-examenes-grandes-especies.doc\u00bb url_new_window=\u00bbon\u00bb button_text=\u00bbSolicitud de examenes\u00bb button_alignment=\u00bbcenter\u00bb _builder_version=\u00bb4.16&#8243; custom_button=\u00bbon\u00bb button_text_color=\u00bb#000000&#8243; background_layout=\u00bbdark\u00bb global_colors_info=\u00bb{}\u00bb button_text_size__hover_enabled=\u00bboff\u00bb button_one_text_size__hover_enabled=\u00bboff\u00bb button_two_text_size__hover_enabled=\u00bboff\u00bb button_text_color__hover_enabled=\u00bboff\u00bb button_one_text_color__hover_enabled=\u00bboff\u00bb button_two_text_color__hover_enabled=\u00bboff\u00bb button_border_width__hover_enabled=\u00bboff\u00bb button_one_border_width__hover_enabled=\u00bboff\u00bb button_two_border_width__hover_enabled=\u00bboff\u00bb button_border_color__hover_enabled=\u00bboff\u00bb button_one_border_color__hover_enabled=\u00bboff\u00bb button_two_border_color__hover_enabled=\u00bboff\u00bb button_border_radius__hover_enabled=\u00bboff\u00bb button_one_border_radius__hover_enabled=\u00bboff\u00bb button_two_border_radius__hover_enabled=\u00bboff\u00bb button_letter_spacing__hover_enabled=\u00bboff\u00bb button_one_letter_spacing__hover_enabled=\u00bboff\u00bb button_two_letter_spacing__hover_enabled=\u00bboff\u00bb button_bg_color__hover_enabled=\u00bboff\u00bb button_one_bg_color__hover_enabled=\u00bboff\u00bb button_two_bg_color__hover_enabled=\u00bboff\u00bb][\/et_pb_button][\/et_pb_column][\/et_pb_row][\/et_pb_section][et_pb_section fb_built=\u00bb1&#8243; _builder_version=\u00bb4.16&#8243; background_color=\u00bb#ebdc28&#8243; global_colors_info=\u00bb{}\u00bb][et_pb_row _builder_version=\u00bb4.16&#8243; max_width=\u00bb1200px\u00bb custom_padding=\u00bb50px||50px|\u00bb use_custom_width=\u00bbon\u00bb custom_width_px=\u00bb1200px\u00bb global_colors_info=\u00bb{}\u00bb][et_pb_column type=\u00bb4_4&#8243; _builder_version=\u00bb4.16&#8243; custom_padding=\u00bb|||\u00bb global_colors_info=\u00bb{}\u00bb custom_padding__hover=\u00bb|||\u00bb][et_pb_post_slider posts_number=\u00bb4&#8243; include_categories=\u00bb2&#8243; orderby=\u00bbdate_asc\u00bb show_meta=\u00bboff\u00bb use_bg_overlay=\u00bboff\u00bb use_text_overlay=\u00bbon\u00bb arrows_custom_color=\u00bb#ffffff\u00bb _builder_version=\u00bb4.16&#8243; header_text_color=\u00bb#ffffff\u00bb background_color=\u00bb#2ea3f2&#8243; custom_button=\u00bbon\u00bb button_text_color=\u00bb#000000&#8243; animation_style=\u00bbzoom\u00bb auto=\u00bbon\u00bb box_shadow_style=\u00bbpreset6&#8243; box_shadow_blur=\u00bb10px\u00bb box_shadow_color=\u00bbrgba(0,0,0,0.1)\u00bb show_inner_shadow=\u00bbon\u00bb saved_tabs=\u00bball\u00bb global_colors_info=\u00bb{}\u00bb button_text_size__hover_enabled=\u00bboff\u00bb button_one_text_size__hover_enabled=\u00bboff\u00bb button_two_text_size__hover_enabled=\u00bboff\u00bb button_text_color__hover_enabled=\u00bboff\u00bb button_one_text_color__hover_enabled=\u00bboff\u00bb button_two_text_color__hover_enabled=\u00bboff\u00bb button_border_width__hover_enabled=\u00bboff\u00bb button_one_border_width__hover_enabled=\u00bboff\u00bb button_two_border_width__hover_enabled=\u00bboff\u00bb button_border_color__hover_enabled=\u00bboff\u00bb button_one_border_color__hover_enabled=\u00bboff\u00bb button_two_border_color__hover_enabled=\u00bboff\u00bb button_border_radius__hover_enabled=\u00bboff\u00bb button_one_border_radius__hover_enabled=\u00bboff\u00bb button_two_border_radius__hover_enabled=\u00bboff\u00bb button_letter_spacing__hover_enabled=\u00bboff\u00bb button_one_letter_spacing__hover_enabled=\u00bboff\u00bb button_two_letter_spacing__hover_enabled=\u00bboff\u00bb button_bg_color__hover_enabled=\u00bboff\u00bb button_one_bg_color__hover_enabled=\u00bboff\u00bb button_two_bg_color__hover_enabled=\u00bboff\u00bb][\/et_pb_post_slider][\/et_pb_column][\/et_pb_row][\/et_pb_section]<\/p>\n","protected":false},"excerpt":{"rendered":"<p>LISTA DE EXAMENES PORCINOS \n<table id=\"tablepress-13-no-2\" class=\"tablepress tablepress-id-13\">\n<thead>\n<tr class=\"row-1\">\n\t<th class=\"column-1\">ENFERMEDAD<\/th><th class=\"column-2\">MUESTRA<\/th>\n<\/tr>\n<\/thead>\n<tbody class=\"row-striping row-hover\">\n<tr class=\"row-2\">\n\t<td class=\"column-1\">Influenza<\/td><td class=\"column-2\">Fluidos orales, hisopado nasal<\/td>\n<\/tr>\n<tr class=\"row-3\">\n\t<td class=\"column-1\">PRRS<\/td><td class=\"column-2\">Fluidos orales, sangre<\/td>\n<\/tr>\n<tr class=\"row-4\">\n\t<td class=\"column-1\">Mycoplasma hyopneumoniae<\/td><td class=\"column-2\">Pulm\u00f3n, hisopado nasal, lavado bronquio alveolar, fluidos orales<\/td>\n<\/tr>\n<tr class=\"row-5\">\n\t<td class=\"column-1\">Lawsonia<\/td><td class=\"column-2\">Hisopado rectal o heces, fluidos orales<\/td>\n<\/tr>\n<tr class=\"row-6\">\n\t<td class=\"column-1\">Circovirus<\/td><td class=\"column-2\">Fluidos orales, sangre<\/td>\n<\/tr>\n<\/tbody>\n<\/table>\n \n<table id=\"tablepress-11-no-2\" class=\"tablepress tablepress-id-11\">\n<thead>\n<tr class=\"row-1\">\n\t<th class=\"column-1\">ENSAYO<\/th><th class=\"column-2\">MUESTRA<\/th>\n<\/tr>\n<\/thead>\n<tbody class=\"row-striping row-hover\">\n<tr class=\"row-2\">\n\t<td class=\"column-1\">Serolog\u00eda para  Mycoplasma hyopneumoniae  ELISA<\/td><td class=\"column-2\">Suero<\/td>\n<\/tr>\n<tr class=\"row-3\">\n\t<td class=\"column-1\">Serolog\u00eda para APP ELISA<\/td><td class=\"column-2\">Suero<\/td>\n<\/tr>\n<tr class=\"row-4\">\n\t<td class=\"column-1\">Serolog\u00eda para Ileitis ELISA<\/td><td class=\"column-2\">Suero<\/td>\n<\/tr>\n<tr class=\"row-5\">\n\t<td class=\"column-1\">Serolog\u00eda para Sindrome Respiratorio Reproductivo (PRRS) ELISA<\/td><td class=\"column-2\">Suero<\/td>\n<\/tr>\n<tr class=\"row-6\">\n\t<td class=\"column-1\">Serolog\u00eda para Influenza porcina ELISA<\/td><td class=\"column-2\">Suero<\/td>\n<\/tr>\n<tr class=\"row-7\">\n\t<td class=\"column-1\">Serolog\u00eda para Aujesky ELISA<\/td><td class=\"column-2\">Suero<\/td>\n<\/tr>\n<tr class=\"row-8\">\n\t<td class=\"column-1\">Brucelosis (  Brucella suis   Rosa de bengala)<\/td><td class=\"column-2\">Suero<\/td>\n<\/tr>\n<tr class=\"row-9\">\n\t<td class=\"column-1\">Serolog\u00eda para Leptospira ( Microaglutinaci\u00f3n)<\/td><td class=\"column-2\">Suero<\/td>\n<\/tr>\n<tr class=\"row-10\">\n\t<td class=\"column-1\">Brucelosis prueba confirmatoria (  Brucella suis   Elisa competitivo)<\/td><td class=\"column-2\">Suero<\/td>\n<\/tr>\n<tr class=\"row-11\">\n\t<td class=\"column-1\">Serolog\u00eda para  Circovirus Tipo 2  IgG \u2013 IgM ELISA <\/td><td class=\"column-2\">Suero<\/td>\n<\/tr>\n<tr class=\"row-12\">\n\t<td class=\"column-1\">Serolog\u00eda para  Haemophilus suis  ELISA<\/td><td class=\"column-2\">Suero<\/td>\n<\/tr>\n<tr class=\"row-13\">\n\t<td class=\"column-1\">Serolog\u00eda para  Salmonella   ELISA<\/td><td class=\"column-2\">Suero<\/td>\n<\/tr>\n<tr class=\"row-14\">\n\t<td class=\"column-1\">Circovirus tipo II \u2013 IFI<\/td><td class=\"column-2\">Suero<\/td>\n<\/tr>\n<tr class=\"row-15\">\n\t<td class=\"column-1\">PED (Diarrea epid\u00e9mica porcina)-IFI<\/td><td class=\"column-2\">Suero<\/td>\n<\/tr>\n<\/tbody>\n<\/table>\n IFI: T\u00e9cnica por inmunofluorescencia para ver t\u00edtulos de Anticuerpos a la respectiva enfermedad. \n<table id=\"tablepress-12-no-2\" class=\"tablepress tablepress-id-12\">\n<thead>\n<tr class=\"row-1\">\n\t<th class=\"column-1\">ENSAYO<\/th><th class=\"column-2\">MUESTRA<\/th>\n<\/tr>\n<\/thead>\n<tbody class=\"row-striping row-hover\">\n<tr class=\"row-2\">\n\t<td class=\"column-1\">Par\u00e1sitos gastrointestinales (Mc Master)<\/td><td class=\"column-2\">Heces<\/td>\n<\/tr>\n<tr class=\"row-3\">\n\t<td class=\"column-1\">Par\u00e1sitos hep\u00e1ticos (Sedimentaci\u00f3n)<\/td><td class=\"column-2\">Heces<\/td>\n<\/tr>\n<\/tbody>\n<\/table>\n<\/p>\n","protected":false},"author":1,"featured_media":0,"parent":367,"menu_order":0,"comment_status":"closed","ping_status":"closed","template":"","meta":{"_et_pb_use_builder":"on","_et_pb_old_content":"","_et_gb_content_width":"","footnotes":""},"class_list":["post-532","page","type-page","status-publish","hentry"],"yoast_head":"<!-- This site is optimized with the Yoast SEO plugin v26.9 - https:\/\/yoast.com\/product\/yoast-seo-wordpress\/ -->\n<title>Ex\u00e1menes Porcinos - Livexlab<\/title>\n<meta name=\"robots\" content=\"index, follow, max-snippet:-1, max-image-preview:large, max-video-preview:-1\" \/>\n<link rel=\"canonical\" href=\"https:\/\/livex.com.ec\/wp\/servicios\/diagnostico-veterinario\/examenes-porcinos\/\" \/>\n<meta property=\"og:locale\" content=\"es_ES\" \/>\n<meta property=\"og:type\" content=\"article\" \/>\n<meta property=\"og:title\" content=\"Ex\u00e1menes Porcinos - Livexlab\" \/>\n<meta property=\"og:description\" content=\"LISTA DE EXAMENES PORCINOS  IFI: T\u00e9cnica por inmunofluorescencia para ver t\u00edtulos de Anticuerpos a la respectiva enfermedad.\" \/>\n<meta property=\"og:url\" content=\"https:\/\/livex.com.ec\/wp\/servicios\/diagnostico-veterinario\/examenes-porcinos\/\" \/>\n<meta property=\"og:site_name\" content=\"Livexlab\" \/>\n<meta property=\"article:modified_time\" content=\"2024-03-06T04:46:02+00:00\" \/>\n<meta name=\"twitter:card\" content=\"summary_large_image\" \/>\n<meta name=\"twitter:label1\" content=\"Tiempo de lectura\" \/>\n\t<meta name=\"twitter:data1\" content=\"4 minutos\" \/>\n<script type=\"application\/ld+json\" class=\"yoast-schema-graph\">{\"@context\":\"https:\/\/schema.org\",\"@graph\":[{\"@type\":\"WebPage\",\"@id\":\"https:\/\/livex.com.ec\/wp\/servicios\/diagnostico-veterinario\/examenes-porcinos\/\",\"url\":\"https:\/\/livex.com.ec\/wp\/servicios\/diagnostico-veterinario\/examenes-porcinos\/\",\"name\":\"Ex\u00e1menes Porcinos - Livexlab\",\"isPartOf\":{\"@id\":\"https:\/\/livex.com.ec\/wp\/#website\"},\"datePublished\":\"2017-12-08T00:12:01+00:00\",\"dateModified\":\"2024-03-06T04:46:02+00:00\",\"breadcrumb\":{\"@id\":\"https:\/\/livex.com.ec\/wp\/servicios\/diagnostico-veterinario\/examenes-porcinos\/#breadcrumb\"},\"inLanguage\":\"es\",\"potentialAction\":[{\"@type\":\"ReadAction\",\"target\":[\"https:\/\/livex.com.ec\/wp\/servicios\/diagnostico-veterinario\/examenes-porcinos\/\"]}]},{\"@type\":\"BreadcrumbList\",\"@id\":\"https:\/\/livex.com.ec\/wp\/servicios\/diagnostico-veterinario\/examenes-porcinos\/#breadcrumb\",\"itemListElement\":[{\"@type\":\"ListItem\",\"position\":1,\"name\":\"Servicios\",\"item\":\"https:\/\/livex.com.ec\/wp\/servicios\/\"},{\"@type\":\"ListItem\",\"position\":2,\"name\":\"Diagnostico Veterinario\",\"item\":\"https:\/\/livex.com.ec\/wp\/servicios\/diagnostico-veterinario\/\"},{\"@type\":\"ListItem\",\"position\":3,\"name\":\"Ex\u00e1menes Porcinos\"}]},{\"@type\":\"WebSite\",\"@id\":\"https:\/\/livex.com.ec\/wp\/#website\",\"url\":\"https:\/\/livex.com.ec\/wp\/\",\"name\":\"Livexlab\",\"description\":\"Laboratorio de Diagn\u00f3stico Veterinario\",\"potentialAction\":[{\"@type\":\"SearchAction\",\"target\":{\"@type\":\"EntryPoint\",\"urlTemplate\":\"https:\/\/livex.com.ec\/wp\/?s={search_term_string}\"},\"query-input\":{\"@type\":\"PropertyValueSpecification\",\"valueRequired\":true,\"valueName\":\"search_term_string\"}}],\"inLanguage\":\"es\"}]}<\/script>\n<!-- \/ Yoast SEO plugin. -->","yoast_head_json":{"title":"Ex\u00e1menes Porcinos - Livexlab","robots":{"index":"index","follow":"follow","max-snippet":"max-snippet:-1","max-image-preview":"max-image-preview:large","max-video-preview":"max-video-preview:-1"},"canonical":"https:\/\/livex.com.ec\/wp\/servicios\/diagnostico-veterinario\/examenes-porcinos\/","og_locale":"es_ES","og_type":"article","og_title":"Ex\u00e1menes Porcinos - Livexlab","og_description":"LISTA DE EXAMENES PORCINOS  IFI: T\u00e9cnica por inmunofluorescencia para ver t\u00edtulos de Anticuerpos a la respectiva enfermedad.","og_url":"https:\/\/livex.com.ec\/wp\/servicios\/diagnostico-veterinario\/examenes-porcinos\/","og_site_name":"Livexlab","article_modified_time":"2024-03-06T04:46:02+00:00","twitter_card":"summary_large_image","twitter_misc":{"Tiempo de lectura":"4 minutos"},"schema":{"@context":"https:\/\/schema.org","@graph":[{"@type":"WebPage","@id":"https:\/\/livex.com.ec\/wp\/servicios\/diagnostico-veterinario\/examenes-porcinos\/","url":"https:\/\/livex.com.ec\/wp\/servicios\/diagnostico-veterinario\/examenes-porcinos\/","name":"Ex\u00e1menes Porcinos - Livexlab","isPartOf":{"@id":"https:\/\/livex.com.ec\/wp\/#website"},"datePublished":"2017-12-08T00:12:01+00:00","dateModified":"2024-03-06T04:46:02+00:00","breadcrumb":{"@id":"https:\/\/livex.com.ec\/wp\/servicios\/diagnostico-veterinario\/examenes-porcinos\/#breadcrumb"},"inLanguage":"es","potentialAction":[{"@type":"ReadAction","target":["https:\/\/livex.com.ec\/wp\/servicios\/diagnostico-veterinario\/examenes-porcinos\/"]}]},{"@type":"BreadcrumbList","@id":"https:\/\/livex.com.ec\/wp\/servicios\/diagnostico-veterinario\/examenes-porcinos\/#breadcrumb","itemListElement":[{"@type":"ListItem","position":1,"name":"Servicios","item":"https:\/\/livex.com.ec\/wp\/servicios\/"},{"@type":"ListItem","position":2,"name":"Diagnostico Veterinario","item":"https:\/\/livex.com.ec\/wp\/servicios\/diagnostico-veterinario\/"},{"@type":"ListItem","position":3,"name":"Ex\u00e1menes Porcinos"}]},{"@type":"WebSite","@id":"https:\/\/livex.com.ec\/wp\/#website","url":"https:\/\/livex.com.ec\/wp\/","name":"Livexlab","description":"Laboratorio de Diagn\u00f3stico Veterinario","potentialAction":[{"@type":"SearchAction","target":{"@type":"EntryPoint","urlTemplate":"https:\/\/livex.com.ec\/wp\/?s={search_term_string}"},"query-input":{"@type":"PropertyValueSpecification","valueRequired":true,"valueName":"search_term_string"}}],"inLanguage":"es"}]}},"_links":{"self":[{"href":"https:\/\/livex.com.ec\/wp\/wp-json\/wp\/v2\/pages\/532","targetHints":{"allow":["GET"]}}],"collection":[{"href":"https:\/\/livex.com.ec\/wp\/wp-json\/wp\/v2\/pages"}],"about":[{"href":"https:\/\/livex.com.ec\/wp\/wp-json\/wp\/v2\/types\/page"}],"author":[{"embeddable":true,"href":"https:\/\/livex.com.ec\/wp\/wp-json\/wp\/v2\/users\/1"}],"replies":[{"embeddable":true,"href":"https:\/\/livex.com.ec\/wp\/wp-json\/wp\/v2\/comments?post=532"}],"version-history":[{"count":1,"href":"https:\/\/livex.com.ec\/wp\/wp-json\/wp\/v2\/pages\/532\/revisions"}],"predecessor-version":[{"id":1227,"href":"https:\/\/livex.com.ec\/wp\/wp-json\/wp\/v2\/pages\/532\/revisions\/1227"}],"up":[{"embeddable":true,"href":"https:\/\/livex.com.ec\/wp\/wp-json\/wp\/v2\/pages\/367"}],"wp:attachment":[{"href":"https:\/\/livex.com.ec\/wp\/wp-json\/wp\/v2\/media?parent=532"}],"curies":[{"name":"wp","href":"https:\/\/api.w.org\/{rel}","templated":true}]}}